{"id":3098,"date":"2023-01-30T15:28:22","date_gmt":"2023-01-30T14:28:22","guid":{"rendered":"https:\/\/beebyby.fr\/?post_type=product&#038;p=3098"},"modified":"2026-04-05T11:47:19","modified_gmt":"2026-04-05T09:47:19","slug":"propolis-brute","status":"publish","type":"product","link":"https:\/\/beebyby.fr\/en\/produit\/propolis-brute\/","title":{"rendered":"Propolis Brute"},"content":{"rendered":"<p><strong>Kit pour teinture alcoolique<br \/>\n(Flacon pour extraction + flacon compte-gouttes)<\/strong><\/p>\n<p><strong>Biotope<\/strong> : Butin\u00e9 sur le biotope du Massif d&#8217;Uchaux (84100) &#8211; France<\/p>\n<p><strong>Abeilles<\/strong> : Buckfast<\/p>\n<p><strong>Nectars<\/strong> : NC<\/p>\n<p><strong>Texture<\/strong> : En copeaux brut<\/p>\n<p><strong>Saveurs<\/strong> : NC<\/p>\n<p><strong>Bienfaits<\/strong> : Substance Antiseptique, antivirale et antifongique naturelle, la propolis est particuli\u00e8rement efficace<\/p>\n<p><strong>En ingestion<\/strong> :<br \/>\nContre les sympt\u00f4mes respiratoires (rhumes, bronchites, laryngites, sinusites, trach\u00e9ites) ou les affections de la bouche (gingivites , parodontites, aphtes) ou les douleurs dentaires. Efficaces aussi contre les inflammations intestinales et de l&#8217;acidit\u00e9 gastrique<\/p>\n<p><strong>En application locale<\/strong> :<br \/>\nEn dermatologie (verrues, acn\u00e9, plaies, brulures l\u00e9g\u00e8res ou pied d&#8217;athl\u00e8te et autres mycoses) ou en massage pour aider \u00e0 lutter contre les douleurs musculaires et articulaires<\/p>\n<p><strong>Sp\u00e9cificit\u00e9<\/strong> : 10g livr\u00e9s en flacon verre pour r\u00e9aliser une extraction alcoolique (alcool fort du type alcool de fruits ou eau de vie non livr\u00e9) + Un flacon compte-gouttes pour recevoir la teinture alcoolique une fois filtr\u00e9e au bout de 5 semaines.<br \/>\nLa propolis, peut \u00eatre aussi \u00eatre mises directement dans la bouche contre la gencive ou sous la langue.<\/p>\n<p><strong>Composition<\/strong> : La propolis est r\u00e9colt\u00e9e sur les jeunes bourgeons de l&#8217;ann\u00e9e de certains arbres. Elle est compos\u00e9e d&#8217;huiles essentielles, de gommes, de cire, de s\u00e8ves, de tanins et d&#8217;enzymes ajout\u00e9es par les abeilles. C&#8217;est une substance \u00e0 l&#8217;odeur puissante qui tache la peau et les v\u00eatements<\/p>\n<p>Ruches Non Transhum\u00e9es (Bilan carbone r\u00e9duit) &#8211; Production Artisanale<\/p>\n<p><strong>Qualit\u00e9<\/strong> : Premium<\/p>\n","protected":false},"excerpt":{"rendered":"<p>Kit pour teinture alcoolique (Flacon pour extraction + flacon compte-gouttes) Biotope : Butin\u00e9 sur le biotope du Massif d&#8217;Uchaux (84100) &#8211; France Abeilles : Buckfast Nectars : NC Texture : En copeaux brut Saveurs : NC Bienfaits : Substance Antiseptique, antivirale et antifongique naturelle, la propolis est particuli\u00e8rement efficace En ingestion : Contre les sympt\u00f4mes [&hellip;]<\/p>\n","protected":false},"featured_media":3090,"comment_status":"open","ping_status":"closed","template":"","meta":{"advanced_seo_description":"","jetpack_seo_html_title":"","jetpack_seo_noindex":false,"_glsr_average":0,"_glsr_ranking":0,"_glsr_reviews":0},"product_brand":[],"product_cat":[15],"product_tag":[],"class_list":{"0":"post-3098","1":"product","2":"type-product","3":"status-publish","4":"has-post-thumbnail","6":"product_cat-non-classe","8":"first","9":"instock","10":"shipping-taxable","11":"purchasable","12":"product-type-variable"},"jetpack_sharing_enabled":true,"_links":{"self":[{"href":"https:\/\/beebyby.fr\/en\/wp-json\/wp\/v2\/product\/3098","targetHints":{"allow":["GET"]}}],"collection":[{"href":"https:\/\/beebyby.fr\/en\/wp-json\/wp\/v2\/product"}],"about":[{"href":"https:\/\/beebyby.fr\/en\/wp-json\/wp\/v2\/types\/product"}],"replies":[{"embeddable":true,"href":"https:\/\/beebyby.fr\/en\/wp-json\/wp\/v2\/comments?post=3098"}],"wp:featuredmedia":[{"embeddable":true,"href":"https:\/\/beebyby.fr\/en\/wp-json\/wp\/v2\/media\/3090"}],"wp:attachment":[{"href":"https:\/\/beebyby.fr\/en\/wp-json\/wp\/v2\/media?parent=3098"}],"wp:term":[{"taxonomy":"product_brand","embeddable":true,"href":"https:\/\/beebyby.fr\/en\/wp-json\/wp\/v2\/product_brand?post=3098"},{"taxonomy":"product_cat","embeddable":true,"href":"https:\/\/beebyby.fr\/en\/wp-json\/wp\/v2\/product_cat?post=3098"},{"taxonomy":"product_tag","embeddable":true,"href":"https:\/\/beebyby.fr\/en\/wp-json\/wp\/v2\/product_tag?post=3098"}],"curies":[{"name":"wp","href":"https:\/\/api.w.org\/{rel}","templated":true}]}}