{"id":3190,"date":"2023-11-06T14:56:45","date_gmt":"2023-11-06T13:56:45","guid":{"rendered":"https:\/\/beebyby.fr\/?post_type=product&#038;p=3190"},"modified":"2026-04-12T11:07:44","modified_gmt":"2026-04-12T09:07:44","slug":"miel-de-provence-cremeux","status":"publish","type":"product","link":"https:\/\/beebyby.fr\/en\/produit\/miel-de-provence-cremeux\/","title":{"rendered":"Miel de Provence cr\u00e9meux"},"content":{"rendered":"<p><strong>Miel cr\u00e9meux de fleurs sauvages de Provence<\/strong><\/p>\n<p><strong>B<\/strong><strong>iotope<\/strong>\u00a0: Butin\u00e9 sur le biotope du massif d&#8217;UCHAUX (84100) Vaucluse &#8211; France<\/p>\n<p><strong>Abeilles :<\/strong>\u00a0Buckfast<\/p>\n<p><strong>Nectars<\/strong>\u00a0: Ronces, Miellat de cypr\u00e9s, M\u00e9lilots, Pavot, ombellif\u00e8res&#8230;<\/p>\n<p><strong>Texture<\/strong>\u00a0: Cr\u00e9meux (Ne cristallisera jamais)<\/p>\n<p><strong>Saveur<\/strong>\u00a0: Ce miel a une saveur de bonbons et rappelle les berlingots de lait concentr\u00e9 fruit\u00e9. Son c\u00f4t\u00e9 aromatique est sublim\u00e9 par sa texture onctueuse &#8211; Sa sucrosit\u00e9 moyenne le rend addictif<\/p>\n<p><strong>Bienfaits<\/strong>\u00a0: R\u00e9gulateur du stress m\u00e9tabolique, pr\u00e9conis\u00e9 contre les maux de gorges. Aide \u00e0 mieux dormir<\/p>\n<p>Sa richesse en antioxydants, vitamines, min\u00e9raux et enzymes stimule le syst\u00e8me immunitaire et favorise la digestion, aide au transit intestinal<\/p>\n<p><strong>Sp\u00e9cificit\u00e9<\/strong>\u00a0: Sa texture \u00e9paisse et cr\u00e9meuse le rend facile \u00e0 tartiner sans couler mais il se d\u00e9guste aussi comme une friandise\u00a0\u00e0 la petite cuill\u00e8re. Une vraie gourmandise<\/p>\n<p>Ruches Non Transhum\u00e9es (Bilan carbone r\u00e9duit)<\/p>\n<p><strong>Qualit\u00e9<\/strong> : Production artisanale<\/p>\n<p>Ce miel dispose d&#8217;un Label Rouge + d&#8217;une Indication G\u00e9ographique Prot\u00e9g\u00e9e : Miel de Provence<\/p>\n<p>&nbsp;<\/p>\n","protected":false},"excerpt":{"rendered":"<p>Miel cr\u00e9meux de fleurs sauvages de Provence Biotope\u00a0: Butin\u00e9 sur le biotope du massif d&#8217;UCHAUX (84100) Vaucluse &#8211; France Abeilles :\u00a0Buckfast Nectars\u00a0: Ronces, Miellat de cypr\u00e9s, M\u00e9lilots, Pavot, ombellif\u00e8res&#8230; Texture\u00a0: Cr\u00e9meux (Ne cristallisera jamais) Saveur\u00a0: Ce miel a une saveur de bonbons et rappelle les berlingots de lait concentr\u00e9 fruit\u00e9. Son c\u00f4t\u00e9 aromatique est sublim\u00e9 [&hellip;]<\/p>\n","protected":false},"featured_media":3191,"comment_status":"open","ping_status":"closed","template":"","meta":{"advanced_seo_description":"","jetpack_seo_html_title":"","jetpack_seo_noindex":false,"_glsr_average":0,"_glsr_ranking":0,"_glsr_reviews":0},"product_brand":[],"product_cat":[38,41],"product_tag":[],"class_list":{"0":"post-3190","1":"product","2":"type-product","3":"status-publish","4":"has-post-thumbnail","6":"product_cat-miel-label-rouge","7":"product_cat-miels-massif-duchaux","9":"first","10":"instock","11":"shipping-taxable","12":"purchasable","13":"product-type-variable"},"jetpack_sharing_enabled":true,"_links":{"self":[{"href":"https:\/\/beebyby.fr\/en\/wp-json\/wp\/v2\/product\/3190","targetHints":{"allow":["GET"]}}],"collection":[{"href":"https:\/\/beebyby.fr\/en\/wp-json\/wp\/v2\/product"}],"about":[{"href":"https:\/\/beebyby.fr\/en\/wp-json\/wp\/v2\/types\/product"}],"replies":[{"embeddable":true,"href":"https:\/\/beebyby.fr\/en\/wp-json\/wp\/v2\/comments?post=3190"}],"wp:featuredmedia":[{"embeddable":true,"href":"https:\/\/beebyby.fr\/en\/wp-json\/wp\/v2\/media\/3191"}],"wp:attachment":[{"href":"https:\/\/beebyby.fr\/en\/wp-json\/wp\/v2\/media?parent=3190"}],"wp:term":[{"taxonomy":"product_brand","embeddable":true,"href":"https:\/\/beebyby.fr\/en\/wp-json\/wp\/v2\/product_brand?post=3190"},{"taxonomy":"product_cat","embeddable":true,"href":"https:\/\/beebyby.fr\/en\/wp-json\/wp\/v2\/product_cat?post=3190"},{"taxonomy":"product_tag","embeddable":true,"href":"https:\/\/beebyby.fr\/en\/wp-json\/wp\/v2\/product_tag?post=3190"}],"curies":[{"name":"wp","href":"https:\/\/api.w.org\/{rel}","templated":true}]}}