{"id":4194,"date":"2023-07-30T19:05:53","date_gmt":"2023-07-30T17:05:53","guid":{"rendered":"https:\/\/beebyby.fr\/?post_type=product&#038;p=4194"},"modified":"2025-11-25T12:06:59","modified_gmt":"2025-11-25T11:06:59","slug":"miel-cadeau-de-mariage-ou-bapteme","status":"publish","type":"product","link":"https:\/\/beebyby.fr\/en\/produit\/miel-cadeau-de-mariage-ou-bapteme\/","title":{"rendered":"Miel Mariage ou Bapt\u00eame"},"content":{"rendered":"<p><strong>Cadeau pour vos r\u00e9ceptions et \u00e9v\u00e8nementiels<br \/>\n<\/strong><\/p>\n<p><strong>Biotope<\/strong> : Butin\u00e9 sur le biotope du Massif d&#8217;Uchaux (84100) &#8211; France<\/p>\n<p><strong>Abeilles<\/strong> : Buckfast<\/p>\n<p><strong>Nectars<\/strong> : Toutes fleurs Sauvages<\/p>\n<p><strong>Texture<\/strong> : liquide ou cristallis\u00e9<\/p>\n<p><strong>Saveurs<\/strong> : Une gamme aromatique typique des miels de Provence<\/p>\n<p><strong>Bienfaits<\/strong> : Ce miel a gard\u00e9 toutes ses qualit\u00e9s car il n&#8217;a jamais \u00e9t\u00e9 chauff\u00e9<\/p>\n<p><strong>Sp\u00e9cificit\u00e9<\/strong> :\u00a0 Vous offrez \u00e0 vos invit\u00e9s un cadeau qui vous ressemble. Un produit du terroir. Un produit naturel &#8230;<\/p>\n<p>C&#8217;est un choix \u00e9thique et raffin\u00e9 qui apporte une note d&#8217;originalit\u00e9 en rempla\u00e7ant les drag\u00e9es trop classiques par un produit qui rend hommage \u00e0 l&#8217;environnement et \u00e0 la Nature.<\/p>\n<p><b>Composition :\u00a0 Sachet en tulle dor\u00e9e qui comprend :<\/b><\/p>\n<ul>\n<li><b> Cuill\u00e8re \u00e0 miel en bois ensachet\u00e9e individuellement<\/b><\/li>\n<li><b>Pot verre<\/b><\/li>\n<li><b>Capsule dor\u00e9e<\/b><\/li>\n<li><b>Abeilles pendentif m\u00e9tallique<\/b><\/li>\n<li><b>M\u00e9daillon &#8220;Thank you&#8221;<\/b><\/li>\n<li><b>Miel 50g<\/b><\/li>\n<\/ul>\n<p>Ruches Non Transhum\u00e9es (Bilan carbone r\u00e9duit)<\/p>\n<p><strong>Qualit\u00e9<\/strong> : Artisanale<\/p>\n","protected":false},"excerpt":{"rendered":"<p>Cadeau pour vos r\u00e9ceptions et \u00e9v\u00e8nementiels Biotope : Butin\u00e9 sur le biotope du Massif d&#8217;Uchaux (84100) &#8211; France Abeilles : Buckfast Nectars : Toutes fleurs Sauvages Texture : liquide ou cristallis\u00e9 Saveurs : Une gamme aromatique typique des miels de Provence Bienfaits : Ce miel a gard\u00e9 toutes ses qualit\u00e9s car il n&#8217;a jamais \u00e9t\u00e9 [&hellip;]<\/p>\n","protected":false},"featured_media":4196,"comment_status":"open","ping_status":"closed","template":"","meta":{"advanced_seo_description":"","jetpack_seo_html_title":"","jetpack_seo_noindex":false,"_glsr_average":0,"_glsr_ranking":0,"_glsr_reviews":0},"product_brand":[],"product_cat":[40],"product_tag":[],"class_list":{"0":"post-4194","1":"product","2":"type-product","3":"status-publish","4":"has-post-thumbnail","6":"product_cat-miels","8":"first","9":"instock","10":"shipping-taxable","11":"purchasable","12":"product-type-variable"},"jetpack_sharing_enabled":true,"_links":{"self":[{"href":"https:\/\/beebyby.fr\/en\/wp-json\/wp\/v2\/product\/4194","targetHints":{"allow":["GET"]}}],"collection":[{"href":"https:\/\/beebyby.fr\/en\/wp-json\/wp\/v2\/product"}],"about":[{"href":"https:\/\/beebyby.fr\/en\/wp-json\/wp\/v2\/types\/product"}],"replies":[{"embeddable":true,"href":"https:\/\/beebyby.fr\/en\/wp-json\/wp\/v2\/comments?post=4194"}],"wp:featuredmedia":[{"embeddable":true,"href":"https:\/\/beebyby.fr\/en\/wp-json\/wp\/v2\/media\/4196"}],"wp:attachment":[{"href":"https:\/\/beebyby.fr\/en\/wp-json\/wp\/v2\/media?parent=4194"}],"wp:term":[{"taxonomy":"product_brand","embeddable":true,"href":"https:\/\/beebyby.fr\/en\/wp-json\/wp\/v2\/product_brand?post=4194"},{"taxonomy":"product_cat","embeddable":true,"href":"https:\/\/beebyby.fr\/en\/wp-json\/wp\/v2\/product_cat?post=4194"},{"taxonomy":"product_tag","embeddable":true,"href":"https:\/\/beebyby.fr\/en\/wp-json\/wp\/v2\/product_tag?post=4194"}],"curies":[{"name":"wp","href":"https:\/\/api.w.org\/{rel}","templated":true}]}}